{"id":459,"date":"2015-09-27T05:30:21","date_gmt":"2015-09-27T05:30:21","guid":{"rendered":"http:\/\/fuse.europadns.net\/?page_id=9"},"modified":"2018-06-01T08:52:58","modified_gmt":"2018-06-01T08:52:58","slug":"home-2","status":"publish","type":"page","link":"https:\/\/drtmicro.com\/en\/","title":{"rendered":"Home"},"content":{"rendered":"<p>[vc_row full_width=&#8221;stretch_row_content_no_spaces&#8221; css=&#8221;.vc_custom_1527843004685{margin-top: 0px !important;margin-bottom: 100px !important;padding-top: 0px !important;}&#8221;][vc_column css=&#8221;.vc_custom_1527843014298{margin-top: 0px !important;padding-top: 0px !important;}&#8221;][rev_slider_vc alias=&#8221;home-drt&#8221;][\/vc_column][\/vc_row][vc_row css=&#8221;.vc_custom_1477567996675{margin-top: 80px !important;}&#8221;][vc_column]<div><div class='span4'><div class='post format-standard'><div class='post-thumbnail'><img src='https:\/\/drtmicro.com\/wp-content\/uploads\/2017\/06\/Stand-1-360x215.jpg' alt=''><\/div><div class='post-header'><h4 class='post-title'>\r\n\t<a rel='bookmark' href='https:\/\/drtmicro.com\/en\/drt-moulding-expo-2017\/'>DRT AT MOULDING EXPO 2017<\/a><\/h4><span class='posted-on'>June 2, 2017<\/span>\r\n\t<\/div><div class='post-content'><p>DRT attended Moulding Expo Exhibition which took place in Stuttgart from the 30th of May\u00a0to the 2nd of June 2017.<\/p>\n<p><a class='more-link btn btn-grey' href='https:\/\/drtmicro.com\/en\/drt-moulding-expo-2017\/'>Read the article<\/a><\/p><\/div><div class='post-footer'><\/div><\/div><\/div><div class='span4'><div class='post format-standard'><div class='post-thumbnail'><img src='https:\/\/drtmicro.com\/wp-content\/uploads\/2017\/04\/PME-360x215.jpg' alt=''><\/div><div class='post-header'><h4 class='post-title'>\r\n\t<a rel='bookmark' href='https:\/\/drtmicro.com\/en\/exame-pme-lider\/'>Magazine &#8220;Exame PME L\u00edder&#8221;<\/a><\/h4><span class='posted-on'>April 10, 2017<\/span>\r\n\t<\/div><div class='post-content'><p>DRT as one of the outstanding companies of the industrial sector in the Magazine \u201cExame PME L\u00edder\u201d. See publication<\/p>\n<p><a class='more-link btn btn-grey' href='https:\/\/drtmicro.com\/en\/exame-pme-lider\/'>Read the article<\/a><\/p><\/div><div class='post-footer'><\/div><\/div><\/div><div class='span4'><div class='post format-standard'><div class='post-thumbnail'><img src='https:\/\/drtmicro.com\/wp-content\/uploads\/2017\/04\/formacaoVW-360x215.jpg' alt=''><\/div><div class='post-header'><h4 class='post-title'>\r\n\t<a rel='bookmark' href='https:\/\/drtmicro.com\/en\/drt-fomenta-o-conhecimento\/'>DRT fosters knowledge<\/a><\/h4><span class='posted-on'>April 3, 2017<\/span>\r\n\t<\/div><div class='post-content'><p>VW AUTOEUROPA represented by its KTM Purchasing Division has once again recognised DRT as the ideal partner to provide a technical training on Injection Tooling Technologies &#8211; Advanced Level.<\/p>\n<p><a class='more-link btn btn-grey' href='https:\/\/drtmicro.com\/en\/drt-fomenta-o-conhecimento\/'>Read the article<\/a><\/p><\/div><div class='post-footer'><\/div><\/div><\/div><\/div>[\/vc_column][\/vc_row][vc_row css=&#8221;.vc_custom_1474448653901{margin-top: 120px !important;margin-bottom: 0px !important;}&#8221;][vc_column]<div class='headline'><h2>O que Fazemos<\/h2><\/div>[\/vc_column][\/vc_row][vc_row css=&#8221;.vc_custom_1472804016889{margin-top: -20px !important;margin-bottom: 0px !important;}&#8221;][vc_column]<div class='headline'><h2><\/h2><h5>\u2014 Tecnologias \u2014<\/h5><\/div>[\/vc_column][\/vc_row][vc_row css=&#8221;.vc_custom_1472803931853{margin-top: 0px !important;}&#8221;][vc_column][vc_tta_tour style=&#8221;outline&#8221; shape=&#8221;square&#8221; spacing=&#8221;&#8221; active_section=&#8221;1&#8243; el_class=&#8221;fuse-v&#8221;][vc_tta_section title=&#8221;Moldes Sandwich&#8221; tab_id=&#8221;1472801699865-55cb451c-fa70&#8243;][vc_single_image image=&#8221;760&#8243; img_size=&#8221;full&#8221; alignment=&#8221;center&#8221;][vc_column_text css=&#8221;.vc_custom_1485182875550{padding-right: 40px !important;padding-bottom: 40px !important;padding-left: 40px !important;}&#8221;]<\/p>\n<hr \/>\n<p><span class=\"s2\">Moldes de m\u00faltiplas faces opostas permitem reduzir a \u00e1rea projetada, evitando a necessidade de utilizar m\u00e1quinas de inje\u00e7\u00e3o de maiores dimens\u00f5es. apresentam como resultado a duplica\u00e7\u00e3o do n\u00famero de cavidades e, consequentemente o aumento do n\u00famero de pe\u00e7as injetadas, logo o aumento da produtividade.<\/span>[\/vc_column_text][\/vc_tta_section][vc_tta_section title=&#8221;MuCell&#8221; tab_id=&#8221;1472801699996-22e24074-16a8&#8243;][vc_single_image image=&#8221;762&#8243; img_size=&#8221;full&#8221;][vc_column_text css=&#8221;.vc_custom_1485182883516{padding-right: 40px !important;padding-bottom: 40px !important;padding-left: 40px !important;}&#8221;]<\/p>\n<hr \/>\n<p><span class=\"s2\">Processo de inje\u00e7\u00e3o que adiciona g\u00e1s ao pl\u00e1stico durante a inje\u00e7\u00e3o, oferece maior vantagem em pe\u00e7as de grandes espessuras em termos de custos, devido \u00e0 poupan\u00e7a de material, bem como vantagens em termos de engenharia devido \u00e0 redu\u00e7\u00e3o de peso.<\/span>[\/vc_column_text][\/vc_tta_section][vc_tta_section title=&#8221;Tandem&#8221; tab_id=&#8221;1472802228421-d113d6be-018d&#8221;][vc_single_image image=&#8221;763&#8243; img_size=&#8221;full&#8221;][vc_column_text css=&#8221;.vc_custom_1485182891976{padding-right: 40px !important;padding-bottom: 40px !important;padding-left: 40px !important;}&#8221;]<\/p>\n<hr \/>\n<p><span class=\"s2\">Inje\u00e7\u00e3o de pl\u00e1stico em ciclos alternados, oferece vantagens em termos de otimiza\u00e7\u00e3o da qualidade das pe\u00e7as, gra\u00e7as a tempos de refrigera\u00e7\u00e3o mais alargados.<\/span>[\/vc_column_text][\/vc_tta_section][vc_tta_section title=&#8221;GID &#8211; Moldes Assistidos a G\u00e1s&#8221; tab_id=&#8221;1472802245349-62f16f84-e6be&#8221;][vc_single_image image=&#8221;764&#8243; img_size=&#8221;full&#8221;][vc_column_text css=&#8221;.vc_custom_1485182902394{padding-right: 40px !important;padding-bottom: 40px !important;padding-left: 40px !important;}&#8221;]<\/p>\n<hr \/>\n<p><span class=\"s2\">Esta tecnologia permite remover o material em excesso, criando zonas de vazio no interior da pe\u00e7a. Desta forma s\u00e3o evitados defeitos geom\u00e9tricos na pe\u00e7a e h\u00e1 um aumento da compacta\u00e7\u00e3o da mesma.<\/span>[\/vc_column_text][\/vc_tta_section][vc_tta_section title=&#8221;Multi Component Moulds&#8221; tab_id=&#8221;1472802267986-721a34da-b6a7&#8243;][vc_single_image image=&#8221;765&#8243; img_size=&#8221;full&#8221;][vc_column_text css=&#8221;.vc_custom_1485182910200{padding-right: 40px !important;padding-bottom: 40px !important;padding-left: 40px !important;}&#8221;]<\/p>\n<hr \/>\n<p>Com esta tecnologia \u00e9 poss\u00edvel conjugar dois ou mais materiais na mesma pe\u00e7a. Dependendo da sua necessidade e\/ou requisito, o cliente pode optar por um molde de transfer\u00eancia, prato rotativo, Core <span id=\"eL_1_texto\"><span class=\"FSG_erroOrtografico\">back<\/span><\/span>, ou um combinado.[\/vc_column_text][\/vc_tta_section][vc_tta_section title=&#8221;Insert Moulds&#8221; tab_id=&#8221;1472802336793-98612d52-34be&#8221;][vc_single_image image=&#8221;766&#8243; img_size=&#8221;full&#8221;][vc_column_text css=&#8221;.vc_custom_1485182918640{padding-right: 40px !important;padding-bottom: 40px !important;padding-left: 40px !important;}&#8221;]<\/p>\n<hr \/>\n<p>Tecnologia que permite a integra\u00e7\u00e3o de insertos antes da fase de molda\u00e7\u00e3o, de forma a tornar permanente a liga\u00e7\u00e3o com a pe\u00e7a pl\u00e1stica moldada.[\/vc_column_text][\/vc_tta_section][vc_tta_section title=&#8221;Vario-cooling&#8221; tab_id=&#8221;1472802355137-1e426fd4-d639&#8243;][vc_single_image image=&#8221;767&#8243; img_size=&#8221;full&#8221;][vc_column_text css=&#8221;.vc_custom_1485182927637{padding-right: 40px !important;padding-bottom: 40px !important;padding-left: 40px !important;}&#8221;]<\/p>\n<hr \/>\n<p>Esta tecnologia inovadora permite durante o mesmo ciclo aquecer rapidamente o molde quando este se encontra em fase de enchimento, e arrefecer ap\u00f3s este processo estar completo, tendo como principais vantagens a elimina\u00e7\u00e3o de linhas de uni\u00e3o de material e pe\u00e7as de maior qualidade visual.[\/vc_column_text][\/vc_tta_section][\/vc_tta_tour][\/vc_column][\/vc_row][vc_row css=&#8221;.vc_custom_1472745887878{margin-top: 80px !important;margin-bottom: 0px !important;}&#8221;][vc_column]<div class='headline'><h2><\/h2><h5>\u2014 Servi\u00e7os \u2014<\/h5><\/div>[\/vc_column][\/vc_row][vc_row][vc_column][vc_column_text]<\/p>\n<p>[\/vc_column_text][\/vc_column][\/vc_row][vc_row css=&#8221;.vc_custom_1472745928840{margin-top: 0px !important;margin-bottom: 20px !important;}&#8221;][vc_column width=&#8221;1\/3&#8243;][vc_single_image image=&#8221;879&#8243; img_size=&#8221;360&#215;150&#8243;][vc_column_text css=&#8221;.vc_custom_1484910345038{margin-bottom: 10px !important;}&#8221;]<\/p>\n<h4 class=\"p1\"><span class=\"s1\"><b>ENGENHARIA<\/b><\/span><\/h4>\n<p>[\/vc_column_text][vc_column_text css=&#8221;.vc_custom_1484914829789{margin-top: 0px !important;margin-bottom: 40px !important;}&#8221;]<\/p>\n<p class=\"p1\"><span class=\"s1\">O nosso departamento de Engenharia conta com o apoio de profissionais detentores de um amplo conhecimento dos processos da ind\u00fastria de pl\u00e1sticos. Recorrendo a softwares CAD (Catia V5-6 R2014, CREO 2.0, SIEMENS NX10) e CAM\/CAE (Hypermill, Powershape, Lenoin, Moldex 3D) a nossa equipa assegura, de forma especializada e profissional, o desenvolvimento e acompanhamento de todas as etapas de conce\u00e7\u00e3o de projeto.<\/span><\/p>\n<p>[\/vc_column_text][\/vc_column][vc_column width=&#8221;1\/3&#8243;][vc_single_image image=&#8221;1009&#8243; img_size=&#8221;360&#215;150&#8243;][vc_column_text css=&#8221;.vc_custom_1484926140636{margin-bottom: 10px !important;}&#8221;]<\/p>\n<h4 class=\"p1\"><span class=\"s1\"><b>DMLS \u00b7\u00a0<\/b><\/span><span class=\"s1\"><b>Sinteriza\u00e7\u00e3o de metais<\/b><\/span><\/h4>\n<p>[\/vc_column_text][vc_column_text css=&#8221;.vc_custom_1484926064480{margin-top: 0px !important;margin-bottom: 40px !important;}&#8221;]<\/p>\n<p class=\"p1\"><span class=\"s1\">Esta tecnologia consiste na constru\u00e7\u00e3o por camadas, sendo poss\u00edvel uma produ\u00e7\u00e3o simult\u00e2nea de v\u00e1rias pe\u00e7as. Uma das maiores vantagens \u00e9 a constru\u00e7\u00e3o de canais de refrigera\u00e7\u00e3o o mais pr\u00f3ximo poss\u00edvel da zona moldante, em pe\u00e7as de geometria complexa. Este m\u00e9todo, al\u00e9m de permitir uma refrigera\u00e7\u00e3o otimizada da pe\u00e7a, reduz de forma eficaz o tempo de ciclo e melhora a qualidade do produto.<\/span><\/p>\n<p>[\/vc_column_text][\/vc_column][vc_column width=&#8221;1\/3&#8243;][vc_single_image image=&#8221;881&#8243; img_size=&#8221;360&#215;150&#8243;][vc_column_text css=&#8221;.vc_custom_1484910351800{margin-bottom: 10px !important;}&#8221;]<\/p>\n<h4 class=\"p1\"><span class=\"s1\"><b>AN\u00c1LISES CAE<\/b><\/span><\/h4>\n<p>[\/vc_column_text][vc_column_text css=&#8221;.vc_custom_1487578392265{margin-top: 0px !important;margin-bottom: 40px !important;}&#8221;]<\/p>\n<p class=\"p1\"><span class=\"s1\">Atrav\u00e9s da Engenharia Assistida por Computador (CAE) \u00e9 poss\u00edvel simular o processo de inje\u00e7\u00e3o, ainda na fase inicial de projeto, recorrendo \u00e0 realiza\u00e7\u00e3o de an\u00e1lises reol\u00f3gicas e estruturais.<\/span><\/p>\n<p class=\"p1\"><span class=\"s1\">As an\u00e1lises reol\u00f3gicas<span class=\"Apple-converted-space\">\u00a0 <\/span>permitem-nos, entre outros, otimizar a localiza\u00e7\u00e3o e sequ\u00eancia de pontos de inje\u00e7\u00e3o, melhorar o processo de refrigera\u00e7\u00e3o e prever deforma\u00e7\u00f5es e contra\u00e7\u00f5es.<\/span><\/p>\n<p class=\"p1\"><span class=\"s1\"><div class=\"show_more\"><p class=\"wpsm-show\" style=\"color: #a9163f; font-size: 100%; text-align: left;\"> Ver Mais<\/p><div class=\"wpsm-content\">Atrav\u00e9s das an\u00e1lises estruturais \u00e9 poss\u00edvel verificar se o dimensionamento do molde apresenta os valores ideais.<\/span><\/p>\n<p class=\"p1\"><span class=\"s1\">Com este servi\u00e7o, a DRT assegura o envolvimento e coopera\u00e7\u00e3o com o cliente desde a fase de desenvolvimento da pe\u00e7a, sendo poss\u00edvel perceber, ainda em fase de projeto, quais as otimiza\u00e7\u00f5es necess\u00e1rias de serem implementadas, de forma a precaver eventuais erros, o que se traduzir\u00e1 numa redu\u00e7\u00e3o de tempo e custos.<\/span><\/p>\n<p> <p class=\"wpsm-hide\" style=\"color: #a9163f; font-size: 100%; text-align: left;\"> Ver Menos<\/p><\/div><\/div>[\/vc_column_text][\/vc_column][\/vc_row][vc_row css=&#8221;.vc_custom_1472804026083{margin-bottom: 80px !important;}&#8221;][vc_column width=&#8221;1\/3&#8243;][vc_single_image image=&#8221;882&#8243; img_size=&#8221;360&#215;150&#8243;][vc_column_text css=&#8221;.vc_custom_1484910357615{margin-bottom: 10px !important;}&#8221;]<\/p>\n<h4 class=\"p1\"><span class=\"s1\"><b>An\u00e1lises de factibilidade<\/b><\/span><\/h4>\n<p>[\/vc_column_text][vc_column_text css=&#8221;.vc_custom_1484910094500{margin-top: 0px !important;margin-bottom: 40px !important;}&#8221;]<\/p>\n<p class=\"p1\"><span class=\"s1\">Atrav\u00e9s deste estudo inicial realizado \u00e0 pe\u00e7a pl\u00e1stica e ao conceito do molde, \u00e9 poss\u00edvel identificar zonas cr\u00edticas e apresentar sugest\u00f5es de melhorias a considerar no artigo final, para implementa\u00e7\u00e3o no molde, de forma a assegurar o ciclo de vida do mesmo para produ\u00e7\u00e3o em s\u00e9rie, visando, assim, a redu\u00e7\u00e3o de tempos e custos.<\/span><\/p>\n<p>[\/vc_column_text][\/vc_column][vc_column width=&#8221;1\/3&#8243;][vc_single_image image=&#8221;883&#8243; img_size=&#8221;360&#215;150&#8243;][vc_column_text css=&#8221;.vc_custom_1484910370979{margin-bottom: 10px !important;}&#8221;]<\/p>\n<h4>Prototipagem<\/h4>\n<p>[\/vc_column_text][vc_column_text css=&#8221;.vc_custom_1484910123715{margin-top: 0px !important;margin-bottom: 40px !important;}&#8221;]<\/p>\n<p class=\"p1\"><span class=\"s1\">A prototipagem r\u00e1pida desempenha um papel fundamental na fase inicial de cada projeto. Esta \u00e1rea foi criada para complementar a oferta de servi\u00e7os aos nossos clientes.<\/span><\/p>\n<p class=\"p1\"><span class=\"s1\">Antecipar a verifica\u00e7\u00e3o da funcionalidade de cada pe\u00e7a, garantir o time-to-market mais r\u00e1pido e associar a redu\u00e7\u00e3o de custos do projeto s\u00e3o aspetos de tal forma significativos que, hoje em dia, todos os projetos com ambi\u00e7\u00e3o recorrem \u00e0 Prototipagem R\u00e1pida e ao Rapid Tooling.<\/span><\/p>\n<p>[\/vc_column_text][\/vc_column][vc_column width=&#8221;1\/3&#8243;][vc_single_image image=&#8221;953&#8243; img_size=&#8221;360&#215;150&#8243;][vc_column_text css=&#8221;.vc_custom_1486378371593{margin-bottom: 10px !important;}&#8221;]<\/p>\n<h4 class=\"p1\"><span class=\"s1\"><b>Tryouts<\/b><\/span><\/h4>\n<p>[\/vc_column_text][vc_column_text css=&#8221;.vc_custom_1484910222029{margin-top: 0px !important;margin-bottom: 40px !important;}&#8221;]<\/p>\n<p class=\"p1\"><span class=\"s1\">A DRT disp\u00f5e de uma \u00e1rea de inje\u00e7\u00e3o para ensaios de moldes com capacidade entre 210T e 1200T, oferecendo a possibilidade de realiza\u00e7\u00e3o de ensaios e pr\u00e9-series em moldes de serie, a g\u00e1s, multi-componente e variocooling.<\/span><\/p>\n<p>[\/vc_column_text][\/vc_column][\/vc_row]<\/p>","protected":false},"excerpt":{"rendered":"<p>[vc_row full_width=&#8221;stretch_row_content_no_spaces&#8221; css=&#8221;.vc_custom_1527843004685{margin-top: 0px !important;margin-bottom: 100px !important;padding-top: 0px !important;}&#8221;][vc_column css=&#8221;.vc_custom_1527843014298{margin-top: 0px !important;padding-top: 0px !important;}&#8221;][rev_slider_vc alias=&#8221;home-drt&#8221;][\/vc_column][\/vc_row][vc_row css=&#8221;.vc_custom_1477567996675{margin-top: 80px !important;}&#8221;][vc_column][\/vc_column][\/vc_row][vc_row css=&#8221;.vc_custom_1474448653901{margin-top: 120px !important;margin-bottom: 0px !important;}&#8221;][vc_column][\/vc_column][\/vc_row][vc_row css=&#8221;.vc_custom_1472804016889{margin-top: -20px !important;margin-bottom: 0px !important;}&#8221;][vc_column][\/vc_column][\/vc_row][vc_row css=&#8221;.vc_custom_1472803931853{margin-top: 0px !important;}&#8221;][vc_column][vc_tta_tour style=&#8221;outline&#8221; shape=&#8221;square&#8221; spacing=&#8221;&#8221; active_section=&#8221;1&#8243; el_class=&#8221;fuse-v&#8221;][vc_tta_section title=&#8221;Moldes Sandwich&#8221; tab_id=&#8221;1472801699865-55cb451c-fa70&#8243;][vc_single_image image=&#8221;760&#8243; img_size=&#8221;full&#8221; alignment=&#8221;center&#8221;][vc_column_text css=&#8221;.vc_custom_1485182875550{padding-right: 40px !important;padding-bottom: 40px !important;padding-left: 40px !important;}&#8221;] Moldes de m\u00faltiplas faces opostas permitem&#8230;<\/p>\n","protected":false},"author":1,"featured_media":0,"parent":0,"menu_order":0,"comment_status":"closed","ping_status":"closed","template":"","meta":{"_mi_skip_tracking":false,"footnotes":""},"_links":{"self":[{"href":"https:\/\/drtmicro.com\/en\/wp-json\/wp\/v2\/pages\/459"}],"collection":[{"href":"https:\/\/drtmicro.com\/en\/wp-json\/wp\/v2\/pages"}],"about":[{"href":"https:\/\/drtmicro.com\/en\/wp-json\/wp\/v2\/types\/page"}],"author":[{"embeddable":true,"href":"https:\/\/drtmicro.com\/en\/wp-json\/wp\/v2\/users\/1"}],"replies":[{"embeddable":true,"href":"https:\/\/drtmicro.com\/en\/wp-json\/wp\/v2\/comments?post=459"}],"version-history":[{"count":173,"href":"https:\/\/drtmicro.com\/en\/wp-json\/wp\/v2\/pages\/459\/revisions"}],"predecessor-version":[{"id":1426,"href":"https:\/\/drtmicro.com\/en\/wp-json\/wp\/v2\/pages\/459\/revisions\/1426"}],"wp:attachment":[{"href":"https:\/\/drtmicro.com\/en\/wp-json\/wp\/v2\/media?parent=459"}],"curies":[{"name":"wp","href":"https:\/\/api.w.org\/{rel}","templated":true}]}}